{"id":18,"date":"2022-09-05T12:49:38","date_gmt":"2022-09-05T10:49:38","guid":{"rendered":"http:\/\/aubertin.fr\/?page_id=18"},"modified":"2026-04-14T07:13:04","modified_gmt":"2026-04-14T05:13:04","slug":"les-comptes-rendus","status":"publish","type":"page","link":"https:\/\/aubertin.fr\/index.php\/page-d-exemple\/les-comptes-rendus\/","title":{"rendered":"Les proc\u00e8s-verbaux et les d\u00e9lib\u00e9rations"},"content":{"rendered":"\n<p class=\"has-vivid-cyan-blue-color has-text-color has-link-color has-larger-font-size wp-elements-a7bb4a364088fb32712259097f7c597a\"><strong>2026<\/strong><\/p>\n\n\n\n<figure class=\"wp-block-table\"><table class=\"has-fixed-layout\"><tbody><tr><td><mark style=\"background-color:rgba(0, 0, 0, 0)\" class=\"has-inline-color has-luminous-vivid-orange-color\">Comptes rendus<\/mark><\/td><td><strong><mark style=\"background-color:rgba(0, 0, 0, 0)\" class=\"has-inline-color has-luminous-vivid-orange-color\">Documents annexes<\/mark><\/strong><\/td><\/tr><tr><td><a href=\"http:\/\/aubertin.fr\/wp-content\/uploads\/2026\/04\/PV04-DU-31.03.2026.pdf\" data-type=\"page\" data-id=\"3186\">Proc\u00e8s verbal du 31 mars 2026 <\/a><\/td><td><\/td><\/tr><tr><td><a href=\"http:\/\/aubertin.fr\/wp-content\/uploads\/2026\/03\/PV-REUNION-DU-20.03.2026.pdf\">Proc\u00e8s verbal du 20 mars 2026<\/a><\/td><td><a href=\"http:\/\/aubertin.fr\/wp-content\/uploads\/2026\/03\/CHARTE-ELU-LOCAL.pdf\">Charte de l&rsquo;\u00e9lu local<\/a><br><a href=\"http:\/\/aubertin.fr\/wp-content\/uploads\/2026\/03\/PV-ELECTION-DU-MAIRE-ET-DES-ADJOINTS.pdf\">Pv election du maire et adjoints<\/a><\/td><\/tr><tr><td><a href=\"http:\/\/aubertin.fr\/wp-content\/uploads\/2026\/03\/PV-CM-12-mars.pdf\">Proc\u00e8s verbal du 12 mars 2026<\/a><\/td><td><\/td><\/tr><tr><td><a href=\"http:\/\/aubertin.fr\/wp-content\/uploads\/2026\/03\/PV-CONSEIL-FEVRIER-2026.pdf\">Proc\u00e8s verbal du 5 f\u00e9vrier 2026<\/a><\/td><td><\/td><\/tr><tr><td><\/td><td><\/td><\/tr><\/tbody><\/table><\/figure>\n\n\n\n<p class=\"has-vivid-cyan-blue-color has-text-color has-link-color has-larger-font-size wp-elements-5106dc724b8f5ff3deafdce816fbc7de\"><strong>2025<\/strong><\/p>\n\n\n\n<figure class=\"wp-block-table\"><table class=\"has-fixed-layout\"><tbody><tr><td><\/td><td><\/td><\/tr><tr><td><mark style=\"background-color:rgba(0, 0, 0, 0)\" class=\"has-inline-color has-luminous-vivid-orange-color\">Comptes rendus<\/mark><\/td><td><strong><mark style=\"background-color:rgba(0, 0, 0, 0)\" class=\"has-inline-color has-luminous-vivid-orange-color\">D\u00e9lib\u00e9rations<\/mark><\/strong><\/td><\/tr><tr><td><a href=\"http:\/\/aubertin.fr\/wp-content\/uploads\/2026\/03\/PV07-DU-17.12.2025.pdf\">Proc\u00e8s verbal du 12 d\u00e9cembre 2025<\/a><\/td><td><\/td><\/tr><tr><td><a href=\"https:\/\/aubertin.fr\/index.php\/associations\/vibrations-daujourdhui\/pilate\/\" data-type=\"page\" data-id=\"3184\">Proc\u00e8s verbal du 8 octobre 2025<\/a><\/td><td><\/td><\/tr><tr><td><a href=\"https:\/\/aubertin.fr\/index.php\/vie-pratique\/entreprises\/\" data-type=\"page\" data-id=\"3186\">Proc\u00e8s verbal du 4 septembre 2025<\/a><\/td><td><\/td><\/tr><tr><td><a href=\"http:\/\/aubertin.fr\/wp-content\/uploads\/2025\/06\/PV-2.pdf\">Proc\u00e8s verbal du 22 mai 2025<\/a><\/td><td><\/td><\/tr><tr><td><a href=\"http:\/\/aubertin.fr\/wp-content\/uploads\/2025\/06\/PV.pdf\">Proc\u00e8s verbal du 03 avril 2025<\/a><\/td><td><\/td><\/tr><tr><td><a href=\"http:\/\/aubertin.fr\/wp-content\/uploads\/2025\/06\/Commune-Aubertin-2025-03-25T164849.315.pdf\">Proc\u00e8s verbal du 13 mars 2025<\/a><\/td><td><\/td><\/tr><tr><td><a href=\"http:\/\/aubertin.fr\/wp-content\/uploads\/2025\/06\/PV-CONSEIL-MUNICIPAL.pdf\">Proc\u00e8s verbal du 20 f\u00e9vrier 2025<\/a><\/td><td><\/td><\/tr><\/tbody><\/table><\/figure>\n\n\n\n<p class=\"has-vivid-cyan-blue-color has-text-color has-larger-font-size\">2024<\/p>\n\n\n\n<div class=\"wp-block-columns is-layout-flex wp-container-core-columns-is-layout-9d6595d7 wp-block-columns-is-layout-flex\">\n<div class=\"wp-block-column is-layout-flow wp-block-column-is-layout-flow\" style=\"flex-basis:100%\">\n<figure class=\"wp-block-table\"><table class=\"has-fixed-layout\"><tbody><tr><td><mark style=\"background-color:rgba(0, 0, 0, 0)\" class=\"has-inline-color has-luminous-vivid-orange-color\">Comptes rendus<\/mark><\/td><td><strong><mark style=\"background-color:rgba(0, 0, 0, 0)\" class=\"has-inline-color has-luminous-vivid-orange-color\">D\u00e9lib\u00e9rations<\/mark><\/strong><\/td><\/tr><tr><td><a href=\"http:\/\/aubertin.fr\/wp-content\/uploads\/2025\/01\/PV-CM-17.12.2024.pdf\">Proc\u00e8s verbal du 17 d\u00e9cembre 2024<\/a><\/td><td>D\u00e9cisions modificatives<br>Recrutement d&rsquo;un agent recenseur<br>Admission en non valeur de produits irr\u00e9couvrables<\/td><\/tr><tr><td><a href=\"http:\/\/aubertin.fr\/wp-content\/uploads\/2024\/10\/PV-CM.pdf\">Proc\u00e8s verbal du 9 octobre 2024<\/a><\/td><td><\/td><\/tr><tr><td><a href=\"http:\/\/aubertin.fr\/wp-content\/uploads\/2024\/10\/PV-du-19.08.24.pdf\">Proc\u00e8s verbal du 19 aout 2024<\/a><\/td><td><a href=\"http:\/\/aubertin.fr\/wp-content\/uploads\/2024\/10\/Commune-Aubertin-34.pdf\">Demande de fonds de concours<\/a><br><a href=\"http:\/\/aubertin.fr\/wp-content\/uploads\/2024\/10\/Delib.-Tarifs-maison-pour-tous.pdf\">Tarifs et fonctionnement de la Maison Pour tous<\/a><\/td><\/tr><tr><td>Proc\u00e8s verbal du 7 juin 2024<\/td><td><a href=\"http:\/\/aubertin.fr\/wp-content\/uploads\/2024\/10\/Commune-Aubertin-5.pdf\">Demande de subventions aupr\u00e8s du conseil d\u00e9partemental<\/a><br><a href=\"http:\/\/aubertin.fr\/wp-content\/uploads\/2024\/10\/DELIBERATIONS-1-2.pdf\">Emprunt pour financer les travaux d&rsquo;am\u00e9nagement de l&rsquo;\u00e9tage<\/a><\/td><\/tr><tr><td><a href=\"http:\/\/aubertin.fr\/wp-content\/uploads\/2024\/06\/Commune-Aubertin-54.pdf\">Proc\u00e8s verbal du 30 mai 2024<\/a><\/td><td><\/td><\/tr><tr><td><a href=\"http:\/\/aubertin.fr\/wp-content\/uploads\/2024\/10\/Commune-Aubertin-54.pdf\">Proc\u00e8s verbal du 15 mai 2024<\/a><\/td><td><a href=\"http:\/\/aubertin.fr\/wp-content\/uploads\/2024\/10\/Commune-Aubertin-28-1.pdf\">Pedt (approbation et signature 2024-2024<\/a><br>T<a href=\"http:\/\/aubertin.fr\/wp-content\/uploads\/2024\/10\/ilovepdf_merged-1.pdf\">ravaux de voiries demande de subvention<\/a><br><a href=\"http:\/\/aubertin.fr\/wp-content\/uploads\/2024\/10\/Commune-Aubertin-28-3-4.pdf\">Lutte contre les d\u00e9chets abandonn\u00e9s difus<\/a><\/td><\/tr><tr><td><a href=\"http:\/\/aubertin.fr\/wp-content\/uploads\/2024\/04\/PV-REUNION-21.03.2024.pdf\">Proc\u00e8s verbal du 21 mars 2024<\/a><\/td><td><a href=\"http:\/\/aubertin.fr\/wp-content\/uploads\/2024\/04\/DOC118.pdf\">Vote des taxes locales<\/a><\/td><\/tr><tr><td><a href=\"http:\/\/aubertin.fr\/wp-content\/uploads\/2024\/04\/DOC118.pdf\">Proc\u00e8s verbal du 7 mars 2024<\/a><\/td><td><a href=\"http:\/\/aubertin.fr\/wp-content\/uploads\/2024\/04\/DOC120.pdf\">Convention territoriale globale<\/a><br><a href=\"http:\/\/aubertin.fr\/wp-content\/uploads\/2024\/04\/DOC121.pdf\">Examen et vote du compte de gestion 2023<\/a><br><a href=\"http:\/\/aubertin.fr\/wp-content\/uploads\/2024\/04\/DOC119.pdf\">Autorisation de d\u00e9penses aux comptes 6232 \u00ab\u00a0F\u00eates et c\u00e9r\u00e9monies\u00a0\u00bb et 6234 \u00ab\u00a0R\u00e9ceptions\u00a0\u00bb<\/a><br><\/td><\/tr><tr><td><a href=\"http:\/\/aubertin.fr\/wp-content\/uploads\/2024\/04\/PV-CM-25.01.24.pdf\">Proc\u00e8s verbal du 21 janvier 2024<\/a><\/td><td><\/td><\/tr><\/tbody><\/table><\/figure>\n\n\n\n<figure class=\"wp-block-table has-small-font-size\"><table class=\"has-fixed-layout\"><tbody><tr><td><strong><mark style=\"background-color:rgba(0, 0, 0, 0)\" class=\"has-inline-color has-luminous-vivid-orange-color\">Comptes rendus<\/mark><\/strong>                                     <\/td><td><strong><mark style=\"background-color:rgba(0, 0, 0, 0)\" class=\"has-inline-color has-luminous-vivid-orange-color\">D\u00e9lib\u00e9rations<\/mark><\/strong><\/td><\/tr><tr><td><a href=\"http:\/\/aubertin.fr\/wp-content\/uploads\/2023\/11\/PV-CM-9.11.2023.pdf\" data-type=\"link\" data-id=\"http:\/\/aubertin.fr\/wp-content\/uploads\/2023\/09\/PV-CM17.08.2023.pdf\">Proc\u00e8s verbal du 9 novembre 2023<\/a><\/td><td><\/td><\/tr><tr><td><a href=\"http:\/\/aubertin.fr\/wp-content\/uploads\/2023\/11\/Pv-CM-2.10.2023000.pdf\">Proc\u00e8s verbal du 2 octobre 2023<\/a><\/td><td><\/td><\/tr><tr><td><a href=\"http:\/\/aubertin.fr\/wp-content\/uploads\/2023\/09\/PV-CM17.08.2023.pdf\" data-type=\"link\" data-id=\"http:\/\/aubertin.fr\/wp-content\/uploads\/2023\/09\/PV-CM17.08.2023.pdf\">Proc\u00e8s verbal du 18 aout 2023<\/a><\/td><td><a href=\"http:\/\/aubertin.fr\/wp-content\/uploads\/2023\/09\/D2023.17.08.001-TRAVAUX-DE-VOIRIE-SUBV-C.D.pdf\" data-type=\"link\" data-id=\"http:\/\/aubertin.fr\/wp-content\/uploads\/2023\/09\/D2023.17.08.001-TRAVAUX-DE-VOIRIE-SUBV-C.D.pdf\">Travaux de voirie : demande de subvention &#8230;<\/a><br><a href=\"http:\/\/aubertin.fr\/wp-content\/uploads\/2023\/09\/D2023.17.08.002-TRAVAUX-DE-VOIRIE-CONVENTION-GAVE-ET-BAISE.pdf\" data-type=\"link\" data-id=\"http:\/\/aubertin.fr\/wp-content\/uploads\/2023\/09\/D2023.17.08.002-TRAVAUX-DE-VOIRIE-CONVENTION-GAVE-ET-BAISE.pdf\">Travaux de voirie chemin piqu\u00e9 : &#8230;.<\/a><br><a href=\"http:\/\/aubertin.fr\/wp-content\/uploads\/2023\/09\/D2023.17.08.003-TRAVAUX-DE-VOIRIE-SUBV-AMENAGEMENT-SECU.pdf\" data-type=\"link\" data-id=\"http:\/\/aubertin.fr\/wp-content\/uploads\/2023\/09\/D2023.17.08.003-TRAVAUX-DE-VOIRIE-SUBV-AMENAGEMENT-SECU.pdf\">Travaux de voirie : demande subvention&#8230;<\/a><\/td><\/tr><tr><td><a href=\"http:\/\/aubertin.fr\/wp-content\/uploads\/2023\/06\/PV-09.06.2023.pdf\" data-type=\"URL\" data-id=\"http:\/\/aubertin.fr\/wp-content\/uploads\/2023\/06\/PV-09.06.2023.pdf\">Proc\u00e8s verbal du 9 juin 2023<\/a><\/td><td><a href=\"http:\/\/aubertin.fr\/wp-content\/uploads\/2023\/06\/D2023.09.06-001-APPRO.-CONV.-SERV.-COM.pdf\" data-type=\"URL\" data-id=\"http:\/\/aubertin.fr\/wp-content\/uploads\/2023\/06\/D2023.09.06-001-APPRO.-CONV.-SERV.-COM.pdf\">Approbation de la convention de service commun&#8230;<\/a><br><a href=\"http:\/\/aubertin.fr\/wp-content\/uploads\/2023\/06\/D2023.09.06-002-ELECTRIFICATION-RURALE.pdf\" data-type=\"URL\" data-id=\"http:\/\/aubertin.fr\/wp-content\/uploads\/2023\/06\/D2023.09.06-002-ELECTRIFICATION-RURALE.pdf\">Electrification rurale..<\/a><br><a href=\"http:\/\/aubertin.fr\/wp-content\/uploads\/2023\/06\/D2023.09.06-003-DEMANDE-FONDS-CONCOURS.pdf\" data-type=\"URL\" data-id=\"http:\/\/aubertin.fr\/wp-content\/uploads\/2023\/06\/D2023.09.06-003-DEMANDE-FONDS-CONCOURS.pdf\">Demande de fonds de concours<\/a><br><a href=\"http:\/\/aubertin.fr\/wp-content\/uploads\/2023\/06\/D2023.09.06-004-TARIFS-MPT.pdf\" data-type=\"URL\" data-id=\"http:\/\/aubertin.fr\/wp-content\/uploads\/2023\/06\/D2023.09.06-004-TARIFS-MPT.pdf\">Tarifs et fonctionnement de la Maison pour tous<\/a><\/td><\/tr><tr><td><a href=\"http:\/\/aubertin.fr\/wp-content\/uploads\/2023\/04\/compte-rendu-conseil-04.04.23.pdf\">Proc\u00e8s verbal du 4 avril 2023<\/a><\/td><td><\/td><\/tr><tr><td><a href=\"http:\/\/aubertin.fr\/wp-content\/uploads\/2023\/04\/29.03.2023-2.pdf\">Proc\u00e8s verbal du 29 mars 2023<\/a><\/td><td><\/td><\/tr><tr><td><a href=\"http:\/\/aubertin.fr\/wp-content\/uploads\/2023\/03\/PV-DU-28.02.2023.pdf\">Proc\u00e8s verbal du 28 f\u00e9vrier 2023<\/a><\/td><td><a href=\"http:\/\/aubertin.fr\/wp-content\/uploads\/2023\/03\/Delib.-2023-28-02-001.pdf\">Approbations de la convention de mise a                                             disposition des agents de police municipale<\/a><br> <a href=\"http:\/\/aubertin.fr\/wp-content\/uploads\/2023\/03\/Delib.-2023-28-02-002-.pdf\">Assujetissement des logements vacants \u00e0 la taxe d&rsquo;habitation&#8230;<\/a><\/td><\/tr><\/tbody><\/table><\/figure>\n<\/div>\n<\/div>\n\n\n\n<p class=\"has-vivid-cyan-blue-color has-text-color has-larger-font-size\">2022<\/p>\n\n\n\n<figure class=\"wp-block-table is-style-regular has-small-font-size\"><table class=\"has-fixed-layout\"><tbody><tr><td><strong><mark style=\"background-color:rgba(0, 0, 0, 0)\" class=\"has-inline-color has-luminous-vivid-orange-color\">Comptes rendus<\/mark><\/strong><\/td><td><strong><mark style=\"background-color:rgba(0, 0, 0, 0)\" class=\"has-inline-color has-luminous-vivid-orange-color\">D\u00e9lib\u00e9rations<\/mark><\/strong><\/td><\/tr><tr><td><a href=\"http:\/\/aubertin.fr\/wp-content\/uploads\/2022\/12\/PV-du-17.11.2022.pdf\">Proc\u00e8s verbal du 17 novembre 2022<\/a><\/td><td><a href=\"http:\/\/aubertin.fr\/wp-content\/uploads\/2023\/03\/Delib.-2023-28-02-001.pdf\">Approbations de la convention  de mise a disposition des agents de police municipale<\/a><br><a href=\"http:\/\/aubertin.fr\/wp-content\/uploads\/2023\/03\/Delib.-2023-28-02-002-.pdf\">Assujetissement des logements vacants \u00e0 la taxe d&rsquo;habitation&#8230;<\/a><\/td><\/tr><tr><td><a href=\"http:\/\/aubertin.fr\/wp-content\/uploads\/2022\/09\/PV-DU-CM-DU-05.07.2022.pdf\">Proc\u00e8s verbal du 5 juillet 2022<\/a><\/td><td><a href=\"http:\/\/aubertin.fr\/wp-content\/uploads\/2022\/09\/DOC000.pdf\">Modification des Statuts du Syndicat d&rsquo;Energie<\/a><\/td><\/tr><tr><td><a href=\"http:\/\/aubertin.fr\/wp-content\/uploads\/2022\/09\/CR-du-17.05.2022.pdf\">Compte rendu du 17 mai 2022<\/a><\/td><td><\/td><\/tr><tr><td><a href=\"http:\/\/aubertin.fr\/wp-content\/uploads\/2022\/09\/CR-DU-CM-DU-04.04.2022.pdf\">Compte rendu du 4 avril 2022<\/a><\/td><td><a href=\"http:\/\/aubertin.fr\/wp-content\/uploads\/2022\/09\/D20220404001-VOTE-DES-TAUX-TAXES-2022.pdf\">Vote des taux des taxes locales<\/a><br><a href=\"http:\/\/aubertin.fr\/wp-content\/uploads\/2022\/09\/D20220404002-VOTE-BUDGET-PRIMITIF-2022.pdf\">Vote du budget primitif<\/a><br><a href=\"http:\/\/aubertin.fr\/wp-content\/uploads\/2022\/09\/D20220404003-MATERIEL-EVENEMENTIEL-LEGALISE.pdf\">Mutualisation de l&rsquo;acquisition de mat\u00e9riel \u00e9v\u00e8nementiel<\/a><\/td><\/tr><tr><td><a href=\"http:\/\/aubertin.fr\/wp-content\/uploads\/2022\/09\/CR-DU-CM-DU-10.03.2022.pdf\">Compte rendu du 10 mars 2022<\/a><\/td><td><a href=\"http:\/\/aubertin.fr\/wp-content\/uploads\/2022\/09\/deliberations-pour-site.pdf\">D\u00e9lib\u00e9ration pour site<\/a><\/td><\/tr><tr><td><a href=\"http:\/\/aubertin.fr\/wp-content\/uploads\/2022\/09\/CR-DU-CM-DU-03.02.2022.pdf\">Compte rendu du 3 f\u00e9vrier 2022<\/a><\/td><td><a href=\"http:\/\/aubertin.fr\/wp-content\/uploads\/2022\/09\/D20220302001-TRAVAUX-SUPPLEMENTAIRES.pdf\">Travaux suppl\u00e9mentaires<\/a><br><a href=\"http:\/\/aubertin.fr\/wp-content\/uploads\/2022\/09\/D20220202002-PAIEMENT-QUART-DEPENSE-AVT-BUDGET.pdf\">Paiement quart des d\u00e9penses<\/a><\/td><\/tr><tr><td><\/td><td><\/td><\/tr><\/tbody><\/table><\/figure>\n\n\n\n<p class=\"has-vivid-cyan-blue-color has-text-color has-larger-font-size\"><strong>2021<\/strong><\/p>\n\n\n\n<figure class=\"wp-block-table has-small-font-size\"><table class=\"has-fixed-layout\"><tbody><tr><td><strong><mark style=\"background-color:rgba(0, 0, 0, 0)\" class=\"has-inline-color has-luminous-vivid-orange-color\">Comptes rendus<\/mark><\/strong><\/td><td><strong><mark style=\"background-color:rgba(0, 0, 0, 0)\" class=\"has-inline-color has-luminous-vivid-orange-color\">D\u00e9lib\u00e9rations<\/mark><\/strong><\/td><\/tr><tr><td><a href=\"http:\/\/aubertin.fr\/wp-content\/uploads\/2022\/09\/CR-du-CM-du-14.12.2021.pdf\">Compte rendu du 14 d\u00e9cembre 2021<\/a><\/td><td><a href=\"http:\/\/\">Cr\u00e9ation d&rsquo;une antenne intercommunale France Service<\/a><br><a href=\"http:\/\/aubertin.fr\/wp-content\/uploads\/2022\/09\/D20211412002-FRANCE-SCE-CANDIDATURE.pdf\">D\u00e9p\u00f4t de candidature  France service<\/a><br><a href=\"http:\/\/aubertin.fr\/wp-content\/uploads\/2022\/09\/D20211412003-SDIS-AVENANT-2-.pdf\">Convention de financement entre le Service d&rsquo;incendie et de secours (SDIS) et la commune d&rsquo;Aubertin<\/a><br><\/td><\/tr><tr><td><a href=\"http:\/\/aubertin.fr\/wp-content\/uploads\/2022\/09\/CR-DU-CM-DU-15.10.2021.pdf\">Compte rendu du 15 octobre 2021<\/a><\/td><td><\/td><\/tr><tr><td><a href=\"http:\/\/aubertin.fr\/wp-content\/uploads\/2022\/09\/CR-DU-CM-30.08.2021.pdf\">Compte rendu du 30 aout 2021<\/a><\/td><td><\/td><\/tr><tr><td><a href=\"http:\/\/aubertin.fr\/wp-content\/uploads\/2022\/09\/CR-DU-20.07.2021.pdf\">Compte rendu du 20 juillet 2021<\/a><\/td><td><\/td><\/tr><tr><td><a href=\"http:\/\/aubertin.fr\/wp-content\/uploads\/2022\/09\/CR-DU-CM-DU-7-AVRIL-2021.pdf\">Compte rendu du 7 avril 2021<\/a><\/td><td><\/td><\/tr><tr><td><a href=\"http:\/\/aubertin.fr\/wp-content\/uploads\/2022\/09\/CR-DU-CM-DU-12.03.2021.pdf\">Compte rendu du 12 mars 2021<\/a><\/td><td><\/td><\/tr><tr><td><a href=\"http:\/\/aubertin.fr\/wp-content\/uploads\/2022\/09\/CR-DU-CM-DU-05.02.2021.pdf\">Compte rendu du 05 f\u00e9vrier 2021<\/a><\/td><td><\/td><\/tr><\/tbody><\/table><\/figure>\n","protected":false},"excerpt":{"rendered":"<p>2026 Comptes rendusDocuments annexesProc\u00e8s verbal du 31 mars 2026 Proc\u00e8s verbal du 20 mars 2026Charte de l&rsquo;\u00e9lu localPv election du maire et adjointsProc\u00e8s verbal du 12 mars 2026Proc\u00e8s verbal du 5 f\u00e9vrier 2026 2025 Comptes rendusD\u00e9lib\u00e9rationsProc\u00e8s verbal du 12 d\u00e9cembre 2025Proc\u00e8s verbal du 8 octobre 2025Proc\u00e8s verbal du 4 septembre 2025Proc\u00e8s verbal du 22 mai &hellip; <\/p>\n<p><a class=\"more-link btn\" href=\"https:\/\/aubertin.fr\/index.php\/page-d-exemple\/les-comptes-rendus\/\">Lire la suite<\/a><\/p>\n","protected":false},"author":3,"featured_media":0,"parent":2,"menu_order":0,"comment_status":"closed","ping_status":"closed","template":"","meta":{"footnotes":""},"class_list":["post-18","page","type-page","status-publish","hentry","nodate","item-wrap"],"_links":{"self":[{"href":"https:\/\/aubertin.fr\/index.php\/wp-json\/wp\/v2\/pages\/18","targetHints":{"allow":["GET"]}}],"collection":[{"href":"https:\/\/aubertin.fr\/index.php\/wp-json\/wp\/v2\/pages"}],"about":[{"href":"https:\/\/aubertin.fr\/index.php\/wp-json\/wp\/v2\/types\/page"}],"author":[{"embeddable":true,"href":"https:\/\/aubertin.fr\/index.php\/wp-json\/wp\/v2\/users\/3"}],"replies":[{"embeddable":true,"href":"https:\/\/aubertin.fr\/index.php\/wp-json\/wp\/v2\/comments?post=18"}],"version-history":[{"count":94,"href":"https:\/\/aubertin.fr\/index.php\/wp-json\/wp\/v2\/pages\/18\/revisions"}],"predecessor-version":[{"id":4501,"href":"https:\/\/aubertin.fr\/index.php\/wp-json\/wp\/v2\/pages\/18\/revisions\/4501"}],"up":[{"embeddable":true,"href":"https:\/\/aubertin.fr\/index.php\/wp-json\/wp\/v2\/pages\/2"}],"wp:attachment":[{"href":"https:\/\/aubertin.fr\/index.php\/wp-json\/wp\/v2\/media?parent=18"}],"curies":[{"name":"wp","href":"https:\/\/api.w.org\/{rel}","templated":true}]}}