{"id":85,"date":"2022-09-05T15:28:49","date_gmt":"2022-09-05T13:28:49","guid":{"rendered":"http:\/\/aubertin.fr\/?page_id=85"},"modified":"2026-04-14T07:15:23","modified_gmt":"2026-04-14T05:15:23","slug":"accueil-mairie","status":"publish","type":"page","link":"https:\/\/aubertin.fr\/index.php\/page-d-exemple\/accueil-mairie\/","title":{"rendered":"La mairie"},"content":{"rendered":"\n<figure class=\"wp-block-image size-large is-resized\"><img loading=\"lazy\" decoding=\"async\" width=\"1024\" height=\"816\" src=\"https:\/\/aubertin.fr\/wp-content\/uploads\/2023\/04\/image-1024x816.png\" alt=\"\" class=\"wp-image-1032\" style=\"width:554px;height:441px\" srcset=\"https:\/\/aubertin.fr\/wp-content\/uploads\/2023\/04\/image-1024x816.png 1024w, https:\/\/aubertin.fr\/wp-content\/uploads\/2023\/04\/image-300x239.png 300w, https:\/\/aubertin.fr\/wp-content\/uploads\/2023\/04\/image-768x612.png 768w, https:\/\/aubertin.fr\/wp-content\/uploads\/2023\/04\/image-555x442.png 555w, https:\/\/aubertin.fr\/wp-content\/uploads\/2023\/04\/image.png 1200w\" sizes=\"auto, (max-width: 1024px) 100vw, 1024px\" \/><\/figure>\n\n\n\n<p><\/p>\n\n\n\n<h2 class=\"wp-block-heading\">Permanence Mairie<\/h2>\n\n\n\n<p>Horaires d&rsquo;ouverture au Public de la mairie<\/p>\n\n\n\n<p>Lundi : 15h00 \u00e0 17h30<\/p>\n\n\n\n<p>Mardi : 14h00 \u00e0 18h00<\/p>\n\n\n\n<p>Jeudi : 13h30 \u00e0 17h00<\/p>\n\n\n\n<h2 class=\"wp-block-heading\">Rdv avec Madame le Maire<\/h2>\n\n\n\n<figure class=\"wp-block-image size-large\"><img loading=\"lazy\" decoding=\"async\" width=\"1024\" height=\"768\" src=\"http:\/\/aubertin.fr\/wp-content\/uploads\/2026\/04\/IMG_5240-1024x768.jpeg\" alt=\"\" class=\"wp-image-4505\" srcset=\"https:\/\/aubertin.fr\/wp-content\/uploads\/2026\/04\/IMG_5240-1024x768.jpeg 1024w, https:\/\/aubertin.fr\/wp-content\/uploads\/2026\/04\/IMG_5240-300x225.jpeg 300w, https:\/\/aubertin.fr\/wp-content\/uploads\/2026\/04\/IMG_5240-768x576.jpeg 768w, https:\/\/aubertin.fr\/wp-content\/uploads\/2026\/04\/IMG_5240-1536x1152.jpeg 1536w, https:\/\/aubertin.fr\/wp-content\/uploads\/2026\/04\/IMG_5240-2048x1536.jpeg 2048w, https:\/\/aubertin.fr\/wp-content\/uploads\/2026\/04\/IMG_5240-555x416.jpeg 555w\" sizes=\"auto, (max-width: 1024px) 100vw, 1024px\" \/><\/figure>\n\n\n\n<p>Uniquement sur  Rendez-vous<\/p>\n\n\n\n<ul class=\"wp-block-list\">\n<li>05 59 82 70 13<\/li>\n\n\n\n<li>06 22 36 11 26<\/li>\n<\/ul>\n","protected":false},"excerpt":{"rendered":"<p>Permanence Mairie Horaires d&rsquo;ouverture au Public de la mairie Lundi : 15h00 \u00e0 17h30 Mardi : 14h00 \u00e0 18h00 Jeudi : 13h30 \u00e0 17h00 Rdv avec Madame le Maire Uniquement sur Rendez-vous 05 59 82 70 13 06 22 36 11 26<\/p>\n","protected":false},"author":3,"featured_media":0,"parent":2,"menu_order":0,"comment_status":"closed","ping_status":"closed","template":"","meta":{"footnotes":""},"class_list":["post-85","page","type-page","status-publish","hentry","nodate","item-wrap"],"_links":{"self":[{"href":"https:\/\/aubertin.fr\/index.php\/wp-json\/wp\/v2\/pages\/85","targetHints":{"allow":["GET"]}}],"collection":[{"href":"https:\/\/aubertin.fr\/index.php\/wp-json\/wp\/v2\/pages"}],"about":[{"href":"https:\/\/aubertin.fr\/index.php\/wp-json\/wp\/v2\/types\/page"}],"author":[{"embeddable":true,"href":"https:\/\/aubertin.fr\/index.php\/wp-json\/wp\/v2\/users\/3"}],"replies":[{"embeddable":true,"href":"https:\/\/aubertin.fr\/index.php\/wp-json\/wp\/v2\/comments?post=85"}],"version-history":[{"count":5,"href":"https:\/\/aubertin.fr\/index.php\/wp-json\/wp\/v2\/pages\/85\/revisions"}],"predecessor-version":[{"id":4506,"href":"https:\/\/aubertin.fr\/index.php\/wp-json\/wp\/v2\/pages\/85\/revisions\/4506"}],"up":[{"embeddable":true,"href":"https:\/\/aubertin.fr\/index.php\/wp-json\/wp\/v2\/pages\/2"}],"wp:attachment":[{"href":"https:\/\/aubertin.fr\/index.php\/wp-json\/wp\/v2\/media?parent=85"}],"curies":[{"name":"wp","href":"https:\/\/api.w.org\/{rel}","templated":true}]}}